{"id":172,"date":"2021-05-28T14:25:45","date_gmt":"2021-05-28T12:25:45","guid":{"rendered":"http:\/\/optimskills.com\/?page_id=172"},"modified":"2021-11-18T10:03:22","modified_gmt":"2021-11-18T09:03:22","slug":"notre-offre","status":"publish","type":"page","link":"https:\/\/optimskills.com\/index.php\/notre-metier\/notre-offre\/","title":{"rendered":"Notre offre"},"content":{"rendered":"\n<figure class=\"wp-block-image size-large is-resized is-style-default\"><img loading=\"lazy\" src=\"https:\/\/optimskills.com\/wp-content\/uploads\/2021\/11\/360-1024x724.jpg\" alt=\"\" class=\"wp-image-466\" width=\"768\" height=\"543\" srcset=\"https:\/\/optimskills.com\/wp-content\/uploads\/2021\/11\/360-1024x724.jpg 1024w, https:\/\/optimskills.com\/wp-content\/uploads\/2021\/11\/360-300x212.jpg 300w, https:\/\/optimskills.com\/wp-content\/uploads\/2021\/11\/360-768x543.jpg 768w, https:\/\/optimskills.com\/wp-content\/uploads\/2021\/11\/360-1536x1086.jpg 1536w, https:\/\/optimskills.com\/wp-content\/uploads\/2021\/11\/360.jpg 1920w\" sizes=\"(max-width: 768px) 100vw, 768px\" \/><\/figure>\n\n\n\n<p class=\"has-medium-font-size\">Accompagner les PME industrielles et commerciales dans le cadre d\u2019un projet pr\u00e9cis ou d&rsquo;une mission temporaire dans la gestion de l\u2019entreprise en fonction de ses besoins.<\/p>\n\n\n\n<p class=\"has-medium-font-size\"><strong><em>Les Champs de\nl\u2019intervention :<\/em><\/strong><\/p>\n\n\n\n<ul><li>Mettre en place une strat\u00e9gie<\/li><li>Assurer la transformation de l\u2019entreprise<\/li><li>Accompagner le d\u00e9veloppement de l\u2019entreprise<\/li><li>Optimiser des charges<\/li><\/ul>\n\n\n\n<p class=\"has-medium-font-size\"><strong><em>Les missions se r\u00e9partissent en trois cat\u00e9gories&nbsp;:<\/em><\/strong><\/p>\n\n\n\n<ul><li><em>La transformation de l\u2019organisation<\/em><em><\/em><\/li><li><em>la gestion de projet,<\/em><em><\/em><\/li><li><em>Le management-relais&nbsp;<\/em><\/li><\/ul>\n\n\n\n<p class=\"has-medium-font-size\">L\u2019avantage d\u2019un manager de transition est d\u2019apporter un regard neuf, de s\u2019impr\u00e9gner rapidement de la culture de l\u2019entreprise, de s\u2019immerger aussit\u00f4t dans un contexte, de comprendre le besoin et la cible, voir les \u00e9quipes produire des r\u00e9sultats, l\u00e0 o\u00f9 elles avaient parfois baiss\u00e9 les bras.<\/p>\n\n\n\n<div class=\"wp-block-image\"><figure class=\"aligncenter size-large is-resized\"><img loading=\"lazy\" src=\"https:\/\/optimskills.com\/wp-content\/uploads\/2021\/05\/PME_solution-1024x615.jpg\" alt=\"\" class=\"wp-image-241\" width=\"707\" height=\"424\" srcset=\"https:\/\/optimskills.com\/wp-content\/uploads\/2021\/05\/PME_solution-1024x615.jpg 1024w, https:\/\/optimskills.com\/wp-content\/uploads\/2021\/05\/PME_solution-300x180.jpg 300w, https:\/\/optimskills.com\/wp-content\/uploads\/2021\/05\/PME_solution-768x461.jpg 768w, https:\/\/optimskills.com\/wp-content\/uploads\/2021\/05\/PME_solution-1536x923.jpg 1536w, https:\/\/optimskills.com\/wp-content\/uploads\/2021\/05\/PME_solution-2048x1231.jpg 2048w\" sizes=\"(max-width: 707px) 100vw, 707px\" \/><\/figure><\/div>\n","protected":false},"excerpt":{"rendered":"<p>Accompagner les PME industrielles et commerciales dans le cadre d\u2019un projet pr\u00e9cis ou d&rsquo;une mission temporaire dans la gestion de l\u2019entreprise en fonction de ses&hellip;<\/p>\n","protected":false},"author":1,"featured_media":180,"parent":68,"menu_order":0,"comment_status":"closed","ping_status":"closed","template":"","meta":[],"_links":{"self":[{"href":"https:\/\/optimskills.com\/index.php\/wp-json\/wp\/v2\/pages\/172"}],"collection":[{"href":"https:\/\/optimskills.com\/index.php\/wp-json\/wp\/v2\/pages"}],"about":[{"href":"https:\/\/optimskills.com\/index.php\/wp-json\/wp\/v2\/types\/page"}],"author":[{"embeddable":true,"href":"https:\/\/optimskills.com\/index.php\/wp-json\/wp\/v2\/users\/1"}],"replies":[{"embeddable":true,"href":"https:\/\/optimskills.com\/index.php\/wp-json\/wp\/v2\/comments?post=172"}],"version-history":[{"count":9,"href":"https:\/\/optimskills.com\/index.php\/wp-json\/wp\/v2\/pages\/172\/revisions"}],"predecessor-version":[{"id":469,"href":"https:\/\/optimskills.com\/index.php\/wp-json\/wp\/v2\/pages\/172\/revisions\/469"}],"up":[{"embeddable":true,"href":"https:\/\/optimskills.com\/index.php\/wp-json\/wp\/v2\/pages\/68"}],"wp:featuredmedia":[{"embeddable":true,"href":"https:\/\/optimskills.com\/index.php\/wp-json\/wp\/v2\/media\/180"}],"wp:attachment":[{"href":"https:\/\/optimskills.com\/index.php\/wp-json\/wp\/v2\/media?parent=172"}],"curies":[{"name":"wp","href":"https:\/\/api.w.org\/{rel}","templated":true}]}}