{"id":68,"date":"2021-05-27T15:50:02","date_gmt":"2021-05-27T13:50:02","guid":{"rendered":"http:\/\/optimskills.com\/?page_id=68"},"modified":"2021-11-18T09:55:46","modified_gmt":"2021-11-18T08:55:46","slug":"notre-metier","status":"publish","type":"page","link":"https:\/\/optimskills.com\/","title":{"rendered":"Notre m\u00e9tier"},"content":{"rendered":"\n<div class=\"wp-block-image\"><figure class=\"aligncenter size-large is-resized\"><img loading=\"lazy\" src=\"https:\/\/optimskills.com\/wp-content\/uploads\/2021\/05\/office-1209640_1920bis-1024x453.jpg\" alt=\"\" class=\"wp-image-135\" width=\"678\" height=\"299\" srcset=\"https:\/\/optimskills.com\/wp-content\/uploads\/2021\/05\/office-1209640_1920bis-1024x453.jpg 1024w, https:\/\/optimskills.com\/wp-content\/uploads\/2021\/05\/office-1209640_1920bis-300x133.jpg 300w, https:\/\/optimskills.com\/wp-content\/uploads\/2021\/05\/office-1209640_1920bis-768x340.jpg 768w, https:\/\/optimskills.com\/wp-content\/uploads\/2021\/05\/office-1209640_1920bis-1536x680.jpg 1536w, https:\/\/optimskills.com\/wp-content\/uploads\/2021\/05\/office-1209640_1920bis.jpg 1920w\" sizes=\"(max-width: 678px) 100vw, 678px\" \/><\/figure><\/div>\n\n\n\n<p class=\"has-text-align-left has-medium-font-size\">Notre m\u00e9tier est d&rsquo;accompagner les PME industrielles ou commerciales dans la d\u00e9finition et la mise en oeuvre d&rsquo;un changement majeur par un pilotage op\u00e9rationnel, par exemple en situation de r\u00e9orientation strat\u00e9gique, situation de crise ou de retournement.<\/p>\n\n\n\n<p class=\"has-text-align-left has-medium-font-size\">Nous accompagnons les Dirigeants pour les aider \u00e0 f\u00e9d\u00e9rer leurs clients, leurs collaborateurs et leurs fournisseurs autour de projets ambitieux de transformation et d&rsquo;\u00e9volution de l&rsquo;organisation.<\/p>\n\n\n\n<p class=\"has-text-align-center\"> <strong>Certifi\u00e9 Management de Transition &#8211; Executive Interim<\/strong><\/p>\n\n\n\n<div class=\"wp-block-image\"><figure class=\"aligncenter is-resized\"><img loading=\"lazy\" src=\"https:\/\/optimskills.com\/wp-content\/uploads\/2021\/05\/IFMT-logo.jpg\" alt=\"\" width=\"191\" height=\"74\"\/><\/figure><\/div>\n\n\n\n<div class=\"wp-block-image\"><figure class=\"aligncenter size-full\"><img loading=\"lazy\" width=\"600\" height=\"400\" src=\"https:\/\/optimskills.com\/wp-content\/uploads\/2021\/11\/My-nftart3d-com-Effect-14.gif\" alt=\"\" class=\"wp-image-464\"\/><\/figure><\/div>\n","protected":false},"excerpt":{"rendered":"<p>Notre m\u00e9tier est d&rsquo;accompagner les PME industrielles ou commerciales dans la d\u00e9finition et la mise en oeuvre d&rsquo;un changement majeur par un pilotage op\u00e9rationnel, par&hellip;<\/p>\n","protected":false},"author":1,"featured_media":147,"parent":0,"menu_order":0,"comment_status":"closed","ping_status":"closed","template":"","meta":[],"_links":{"self":[{"href":"https:\/\/optimskills.com\/index.php\/wp-json\/wp\/v2\/pages\/68"}],"collection":[{"href":"https:\/\/optimskills.com\/index.php\/wp-json\/wp\/v2\/pages"}],"about":[{"href":"https:\/\/optimskills.com\/index.php\/wp-json\/wp\/v2\/types\/page"}],"author":[{"embeddable":true,"href":"https:\/\/optimskills.com\/index.php\/wp-json\/wp\/v2\/users\/1"}],"replies":[{"embeddable":true,"href":"https:\/\/optimskills.com\/index.php\/wp-json\/wp\/v2\/comments?post=68"}],"version-history":[{"count":11,"href":"https:\/\/optimskills.com\/index.php\/wp-json\/wp\/v2\/pages\/68\/revisions"}],"predecessor-version":[{"id":465,"href":"https:\/\/optimskills.com\/index.php\/wp-json\/wp\/v2\/pages\/68\/revisions\/465"}],"wp:featuredmedia":[{"embeddable":true,"href":"https:\/\/optimskills.com\/index.php\/wp-json\/wp\/v2\/media\/147"}],"wp:attachment":[{"href":"https:\/\/optimskills.com\/index.php\/wp-json\/wp\/v2\/media?parent=68"}],"curies":[{"name":"wp","href":"https:\/\/api.w.org\/{rel}","templated":true}]}}